{"id":2451,"date":"2020-08-07T09:15:35","date_gmt":"2020-08-07T07:15:35","guid":{"rendered":"http:\/\/nito.test\/forside\/"},"modified":"2026-03-16T12:01:31","modified_gmt":"2026-03-16T11:01:31","slug":"forside","status":"publish","type":"page","link":"https:\/\/www.nito.dk\/de\/","title":{"rendered":"Startseite"},"content":{"rendered":"","protected":false},"excerpt":{"rendered":"","protected":false},"author":2,"featured_media":0,"parent":0,"menu_order":0,"comment_status":"closed","ping_status":"closed","template":"template-modules.blade.php","meta":{"_acf_changed":false,"_seopress_robots_primary_cat":"","_seopress_titles_title":"NITO Kupplungen, Schlauchsysteme & Reinigungstechnik | NITO A\/S","_seopress_titles_desc":"NITO Kupplungen, Schlauchsysteme und Reinigungstechnik f\u00fcr Industrie, Handwerk und Sanit\u00e4r. Messing, Edelstahl und bleifreie L\u00f6sungen in Profiqualit\u00e4t.","_seopress_robots_index":"","_relevanssi_hide_post":"","_relevanssi_hide_content":"","_relevanssi_pin_for_all":"","_relevanssi_pin_keywords":"","_relevanssi_unpin_keywords":"","_relevanssi_related_keywords":"","_relevanssi_related_include_ids":"","_relevanssi_related_exclude_ids":"","_relevanssi_related_no_append":"","_relevanssi_related_not_related":"","_relevanssi_related_posts":"","_relevanssi_noindex_reason":"","footnotes":""},"class_list":["post-2451","page","type-page","status-publish","hentry"],"acf":[],"_links":{"self":[{"href":"https:\/\/www.nito.dk\/de\/wp-json\/wp\/v2\/pages\/2451","targetHints":{"allow":["GET"]}}],"collection":[{"href":"https:\/\/www.nito.dk\/de\/wp-json\/wp\/v2\/pages"}],"about":[{"href":"https:\/\/www.nito.dk\/de\/wp-json\/wp\/v2\/types\/page"}],"author":[{"embeddable":true,"href":"https:\/\/www.nito.dk\/de\/wp-json\/wp\/v2\/users\/2"}],"replies":[{"embeddable":true,"href":"https:\/\/www.nito.dk\/de\/wp-json\/wp\/v2\/comments?post=2451"}],"version-history":[{"count":61,"href":"https:\/\/www.nito.dk\/de\/wp-json\/wp\/v2\/pages\/2451\/revisions"}],"predecessor-version":[{"id":16171,"href":"https:\/\/www.nito.dk\/de\/wp-json\/wp\/v2\/pages\/2451\/revisions\/16171"}],"wp:attachment":[{"href":"https:\/\/www.nito.dk\/de\/wp-json\/wp\/v2\/media?parent=2451"}],"curies":[{"name":"wp","href":"https:\/\/api.w.org\/{rel}","templated":true}]}}